{"id":10,"date":"2020-07-17T12:35:21","date_gmt":"2020-07-17T10:35:21","guid":{"rendered":"https:\/\/savigo.pl\/?page_id=10"},"modified":"2025-06-10T17:47:50","modified_gmt":"2025-06-10T15:47:50","slug":"home","status":"publish","type":"page","link":"https:\/\/savigo.eu\/pl\/","title":{"rendered":"Strona g\u0142\u00f3wna"},"content":{"rendered":"<p><img fetchpriority=\"high\" decoding=\"async\" width=\"1420\" height=\"801\" src=\"https:\/\/savigo.eu\/wp-content\/uploads\/2021\/05\/Savigo_pszczola_2021_en_ok.png\" alt=\"\" srcset=\"https:\/\/savigo.eu\/wp-content\/uploads\/2021\/05\/Savigo_pszczola_2021_en_ok.png 1420w, https:\/\/savigo.eu\/wp-content\/uploads\/2021\/05\/Savigo_pszczola_2021_en_ok-300x169.png 300w, https:\/\/savigo.eu\/wp-content\/uploads\/2021\/05\/Savigo_pszczola_2021_en_ok-1024x578.png 1024w, https:\/\/savigo.eu\/wp-content\/uploads\/2021\/05\/Savigo_pszczola_2021_en_ok-768x433.png 768w\" sizes=\"(max-width: 1420px) 100vw, 1420px\" \/>\t\t\t\t\t\t\t\t\t\t\t\t\t\t\t<\/p>\n<p>Zmieniaj\u0105ce si\u0119 warunki rynkowe powoduj\u0105, \u017ce firmy coraz cz\u0119\u015bciej zmieniaj\u0105 spos\u00f3b my\u015blenia o wewn\u0119trznych procesach informatycznych, jak i same procesy tworzenia oprogramowania. S\u0105 one kszta\u0142towane tak, aby mo\u017cna by\u0142o \u0142atwo nim zarz\u0105dza\u0107 zar\u00f3wno z technicznego, jak i biznesowego punktu widzenia.<\/p>\n<p>Businesses are changing the way they think about internal development processes and building their software to be easily managed from both a technical and business perspective.<\/p>\n<p>Wiele firm zmaga si\u0119 z wysoce rozproszon\u0105 architektur\u0105 \u015brodowisk IT i wynikaj\u0105cymi z niej rosn\u0105cymi trudno\u015bciami na wielu p\u0142aszczyznach.<\/p>\n<p>Je\u017celi Twoja organizacja mierzy si\u0119 z podobnymi problemami lub chcia\u0142aby wdro\u017cy\u0107 operacyjne zarz\u0105dzanie procesami, w SAVIGO mamy rozwi\u0105zania dostosowane do Twoich potrzeb.<\/p>\n<p>W SAVIGO rozwi\u0105zujemy realne problemy naszych Partner\u00f3w.<br \/>\n\t\t\t\t\t<a href=\"https:\/\/savigo.eu\/pl\/about-us\/\"><br \/>\n\t\t\t\t\t\t\t\t\tCZYTAJ WI\u0118CEJ<br \/>\n\t\t\t\t\t<\/a><br \/>\n\t\t\t\t\t\t\t\t\t\t\t\t\t\t\t<img decoding=\"async\" src=\"https:\/\/savigo.eu\/wp-content\/uploads\/2020\/07\/IMG_Offer_header.svg\" alt=\"\" \/>\t\t\t\t\t\t\t\t\t\t\t\t\t\t\t<\/p>\n<h2>US\u0141UGI<\/h2>\n<p>Deliver your software consistently and reliably at scale.&nbsp;<\/p>\n<p>Automatyzacja, observability, DevOps lub praktyki CI \/ CD to tylko niekt\u00f3re z wielu rozwi\u0105za\u0144, kt\u00f3re oferujemy, aby pom\u00f3c Ci pozosta\u0107 konkurencyjnym na ci\u0105gle zmieniaj\u0105cym si\u0119 rynku.\u00a0<\/p>\n<p>Odkryj wszystkie nasze us\u0142ugi i produkty dedykowane firmom takim jak Twoja.<br \/>\n\t\t\t\t\t<a href=\"https:\/\/savigo.eu\/pl\/services\/\"><br \/>\n\t\t\t\t\t\t\t\t\tCZYTAJ WI\u0118CEJ<br \/>\n\t\t\t\t\t<\/a><br \/>\n\t\t\t\t\t\t\t\t\t\t\t\t\t\t\t<img decoding=\"async\" width=\"1\" height=\"1\" src=\"https:\/\/savigo.eu\/wp-content\/uploads\/2020\/07\/IMG_Home_DeliveryModels_header.svg\" alt=\"\" \/>\t\t\t\t\t\t\t\t\t\t\t\t\t\t\t<\/p>\n<h2>MODEL \u015aWIADCZENIA US\u0141UG<\/h2>\n<p>Potrzeby i wymagania biznesowe w du\u017cej mierze definiuj\u0105 model wdra\u017cania us\u0142ug IT w Twojej firmie. SAVIGO oferuje rozwi\u0105zania w chmurze \u201cmodel Cloud\u201d, takie, kt\u00f3re dzia\u0142aj\u0105 w ramach Twojej infrastruktury \u201cmodel On-premise\u201d lub w modelu hybrydowym.<\/p>\n<p>Dowiedz si\u0119 wi\u0119cej o r\u00f3\u017cnicach w poszczeg\u00f3lnych modelach i wybierz ten, kt\u00f3ry spe\u0142nia wszystkie Twoje potrzeby biznesowe.<\/p>\n<p>\t\t\t\t\t<a href=\"https:\/\/savigo.eu\/pl\/delivery-models\/\"><br \/>\n\t\t\t\t\t\t\t\t\tCZYTAJ WI\u0118CEJ<br \/>\n\t\t\t\t\t<\/a><\/p>","protected":false},"excerpt":{"rendered":"<p>We help enterprises build observable systems that give a deep understanding of their operations and processes. Businesses are changing the way they think about internal development processes and building their software to be easily managed from both a technical and business perspective. Many companies struggle with the highly distributed nature of cloud architectures and increased [&hellip;]<\/p>\n","protected":false},"author":1,"featured_media":0,"parent":0,"menu_order":0,"comment_status":"closed","ping_status":"closed","template":"","meta":{"footnotes":""},"class_list":["post-10","page","type-page","status-publish","hentry"],"yoast_head":"<!-- This site is optimized with the Yoast SEO plugin v27.3 - https:\/\/yoast.com\/product\/yoast-seo-wordpress\/ -->\n<title>Home - Savigo<\/title>\n<meta name=\"robots\" content=\"index, follow, max-snippet:-1, max-image-preview:large, max-video-preview:-1\" \/>\n<link rel=\"canonical\" href=\"https:\/\/savigo.eu\/pl\/\" \/>\n<meta property=\"og:locale\" content=\"pl_PL\" \/>\n<meta property=\"og:type\" content=\"article\" \/>\n<meta property=\"og:title\" content=\"Home - Savigo\" \/>\n<meta property=\"og:description\" content=\"We help enterprises build observable systems that give a deep understanding of their operations and processes. Businesses are changing the way they think about internal development processes and building their software to be easily managed from both a technical and business perspective. Many companies struggle with the highly distributed nature of cloud architectures and increased [&hellip;]\" \/>\n<meta property=\"og:url\" content=\"https:\/\/savigo.eu\/pl\/\" \/>\n<meta property=\"og:site_name\" content=\"Savigo\" \/>\n<meta property=\"article:modified_time\" content=\"2025-06-10T15:47:50+00:00\" \/>\n<meta property=\"og:image\" content=\"https:\/\/savigo.eu\/wp-content\/uploads\/2021\/05\/Savigo_pszczola_2021_en_ok.png\" \/>\n<meta name=\"twitter:card\" content=\"summary_large_image\" \/>\n<meta name=\"twitter:label1\" content=\"Szacowany czas czytania\" \/>\n\t<meta name=\"twitter:data1\" content=\"2 minuty\" \/>\n<script type=\"application\/ld+json\" class=\"yoast-schema-graph\">{\"@context\":\"https:\\\/\\\/schema.org\",\"@graph\":[{\"@type\":\"WebPage\",\"@id\":\"https:\\\/\\\/savigo.eu\\\/\",\"url\":\"https:\\\/\\\/savigo.eu\\\/\",\"name\":\"Home - Savigo\",\"isPartOf\":{\"@id\":\"https:\\\/\\\/savigo.eu\\\/#website\"},\"primaryImageOfPage\":{\"@id\":\"https:\\\/\\\/savigo.eu\\\/#primaryimage\"},\"image\":{\"@id\":\"https:\\\/\\\/savigo.eu\\\/#primaryimage\"},\"thumbnailUrl\":\"https:\\\/\\\/savigo.eu\\\/wp-content\\\/uploads\\\/2021\\\/05\\\/Savigo_pszczola_2021_en_ok.png\",\"datePublished\":\"2020-07-17T10:35:21+00:00\",\"dateModified\":\"2025-06-10T15:47:50+00:00\",\"breadcrumb\":{\"@id\":\"https:\\\/\\\/savigo.eu\\\/#breadcrumb\"},\"inLanguage\":\"pl-PL\",\"potentialAction\":[{\"@type\":\"ReadAction\",\"target\":[\"https:\\\/\\\/savigo.eu\\\/\"]}]},{\"@type\":\"ImageObject\",\"inLanguage\":\"pl-PL\",\"@id\":\"https:\\\/\\\/savigo.eu\\\/#primaryimage\",\"url\":\"https:\\\/\\\/savigo.eu\\\/wp-content\\\/uploads\\\/2021\\\/05\\\/Savigo_pszczola_2021_en_ok.png\",\"contentUrl\":\"https:\\\/\\\/savigo.eu\\\/wp-content\\\/uploads\\\/2021\\\/05\\\/Savigo_pszczola_2021_en_ok.png\"},{\"@type\":\"BreadcrumbList\",\"@id\":\"https:\\\/\\\/savigo.eu\\\/#breadcrumb\",\"itemListElement\":[{\"@type\":\"ListItem\",\"position\":1,\"name\":\"Home\",\"item\":\"https:\\\/\\\/savigo.eu\\\/\"},{\"@type\":\"ListItem\",\"position\":2,\"name\":\"Home\"}]},{\"@type\":\"WebSite\",\"@id\":\"https:\\\/\\\/savigo.eu\\\/#website\",\"url\":\"https:\\\/\\\/savigo.eu\\\/\",\"name\":\"Savigo\",\"description\":\"\",\"publisher\":{\"@id\":\"https:\\\/\\\/savigo.eu\\\/#organization\"},\"potentialAction\":[{\"@type\":\"SearchAction\",\"target\":{\"@type\":\"EntryPoint\",\"urlTemplate\":\"https:\\\/\\\/savigo.eu\\\/?s={search_term_string}\"},\"query-input\":{\"@type\":\"PropertyValueSpecification\",\"valueRequired\":true,\"valueName\":\"search_term_string\"}}],\"inLanguage\":\"pl-PL\"},{\"@type\":\"Organization\",\"@id\":\"https:\\\/\\\/savigo.eu\\\/#organization\",\"name\":\"Savigo Sp. z o.o.\",\"url\":\"https:\\\/\\\/savigo.eu\\\/\",\"logo\":{\"@type\":\"ImageObject\",\"inLanguage\":\"pl-PL\",\"@id\":\"https:\\\/\\\/savigo.eu\\\/#\\\/schema\\\/logo\\\/image\\\/\",\"url\":\"https:\\\/\\\/savigo.eu\\\/wp-content\\\/uploads\\\/2020\\\/07\\\/IMG_AboutUs_Savigo_logo.svg\",\"contentUrl\":\"https:\\\/\\\/savigo.eu\\\/wp-content\\\/uploads\\\/2020\\\/07\\\/IMG_AboutUs_Savigo_logo.svg\",\"width\":1,\"height\":1,\"caption\":\"Savigo Sp. z o.o.\"},\"image\":{\"@id\":\"https:\\\/\\\/savigo.eu\\\/#\\\/schema\\\/logo\\\/image\\\/\"},\"sameAs\":[\"https:\\\/\\\/www.linkedin.com\\\/company\\\/savigo\"]}]}<\/script>\n<!-- \/ Yoast SEO plugin. -->","yoast_head_json":{"title":"Home - Savigo","robots":{"index":"index","follow":"follow","max-snippet":"max-snippet:-1","max-image-preview":"max-image-preview:large","max-video-preview":"max-video-preview:-1"},"canonical":"https:\/\/savigo.eu\/pl\/","og_locale":"pl_PL","og_type":"article","og_title":"Home - Savigo","og_description":"We help enterprises build observable systems that give a deep understanding of their operations and processes. Businesses are changing the way they think about internal development processes and building their software to be easily managed from both a technical and business perspective. Many companies struggle with the highly distributed nature of cloud architectures and increased [&hellip;]","og_url":"https:\/\/savigo.eu\/pl\/","og_site_name":"Savigo","article_modified_time":"2025-06-10T15:47:50+00:00","og_image":[{"url":"https:\/\/savigo.eu\/wp-content\/uploads\/2021\/05\/Savigo_pszczola_2021_en_ok.png","type":"","width":"","height":""}],"twitter_card":"summary_large_image","twitter_misc":{"Szacowany czas czytania":"2 minuty"},"schema":{"@context":"https:\/\/schema.org","@graph":[{"@type":"WebPage","@id":"https:\/\/savigo.eu\/","url":"https:\/\/savigo.eu\/","name":"Home - Savigo","isPartOf":{"@id":"https:\/\/savigo.eu\/#website"},"primaryImageOfPage":{"@id":"https:\/\/savigo.eu\/#primaryimage"},"image":{"@id":"https:\/\/savigo.eu\/#primaryimage"},"thumbnailUrl":"https:\/\/savigo.eu\/wp-content\/uploads\/2021\/05\/Savigo_pszczola_2021_en_ok.png","datePublished":"2020-07-17T10:35:21+00:00","dateModified":"2025-06-10T15:47:50+00:00","breadcrumb":{"@id":"https:\/\/savigo.eu\/#breadcrumb"},"inLanguage":"pl-PL","potentialAction":[{"@type":"ReadAction","target":["https:\/\/savigo.eu\/"]}]},{"@type":"ImageObject","inLanguage":"pl-PL","@id":"https:\/\/savigo.eu\/#primaryimage","url":"https:\/\/savigo.eu\/wp-content\/uploads\/2021\/05\/Savigo_pszczola_2021_en_ok.png","contentUrl":"https:\/\/savigo.eu\/wp-content\/uploads\/2021\/05\/Savigo_pszczola_2021_en_ok.png"},{"@type":"BreadcrumbList","@id":"https:\/\/savigo.eu\/#breadcrumb","itemListElement":[{"@type":"ListItem","position":1,"name":"Home","item":"https:\/\/savigo.eu\/"},{"@type":"ListItem","position":2,"name":"Home"}]},{"@type":"WebSite","@id":"https:\/\/savigo.eu\/#website","url":"https:\/\/savigo.eu\/","name":"Savigo","description":"","publisher":{"@id":"https:\/\/savigo.eu\/#organization"},"potentialAction":[{"@type":"SearchAction","target":{"@type":"EntryPoint","urlTemplate":"https:\/\/savigo.eu\/?s={search_term_string}"},"query-input":{"@type":"PropertyValueSpecification","valueRequired":true,"valueName":"search_term_string"}}],"inLanguage":"pl-PL"},{"@type":"Organization","@id":"https:\/\/savigo.eu\/#organization","name":"Savigo Sp. z o.o.","url":"https:\/\/savigo.eu\/","logo":{"@type":"ImageObject","inLanguage":"pl-PL","@id":"https:\/\/savigo.eu\/#\/schema\/logo\/image\/","url":"https:\/\/savigo.eu\/wp-content\/uploads\/2020\/07\/IMG_AboutUs_Savigo_logo.svg","contentUrl":"https:\/\/savigo.eu\/wp-content\/uploads\/2020\/07\/IMG_AboutUs_Savigo_logo.svg","width":1,"height":1,"caption":"Savigo Sp. z o.o."},"image":{"@id":"https:\/\/savigo.eu\/#\/schema\/logo\/image\/"},"sameAs":["https:\/\/www.linkedin.com\/company\/savigo"]}]}},"_links":{"self":[{"href":"https:\/\/savigo.eu\/pl\/wp-json\/wp\/v2\/pages\/10","targetHints":{"allow":["GET"]}}],"collection":[{"href":"https:\/\/savigo.eu\/pl\/wp-json\/wp\/v2\/pages"}],"about":[{"href":"https:\/\/savigo.eu\/pl\/wp-json\/wp\/v2\/types\/page"}],"author":[{"embeddable":true,"href":"https:\/\/savigo.eu\/pl\/wp-json\/wp\/v2\/users\/1"}],"replies":[{"embeddable":true,"href":"https:\/\/savigo.eu\/pl\/wp-json\/wp\/v2\/comments?post=10"}],"version-history":[{"count":1,"href":"https:\/\/savigo.eu\/pl\/wp-json\/wp\/v2\/pages\/10\/revisions"}],"predecessor-version":[{"id":1345,"href":"https:\/\/savigo.eu\/pl\/wp-json\/wp\/v2\/pages\/10\/revisions\/1345"}],"wp:attachment":[{"href":"https:\/\/savigo.eu\/pl\/wp-json\/wp\/v2\/media?parent=10"}],"curies":[{"name":"wp","href":"https:\/\/api.w.org\/{rel}","templated":true}]}}