{"id":16,"date":"2020-07-17T12:36:16","date_gmt":"2020-07-17T10:36:16","guid":{"rendered":"https:\/\/savigo.pl\/?page_id=16"},"modified":"2020-07-31T18:42:35","modified_gmt":"2020-07-31T16:42:35","slug":"delivery-models","status":"publish","type":"page","link":"https:\/\/savigo.eu\/pl\/delivery-models\/","title":{"rendered":"Model wdro\u017cenia"},"content":{"rendered":"<div data-elementor-type=\"wp-page\" data-elementor-id=\"16\" class=\"elementor elementor-16\" data-elementor-post-type=\"page\">\n\t\t\t\t\t\t<section class=\"elementor-section elementor-top-section elementor-element elementor-element-4d3e61f elementor-section-boxed elementor-section-height-default elementor-section-height-default\" data-id=\"4d3e61f\" data-element_type=\"section\" data-e-type=\"section\">\n\t\t\t\t\t\t<div class=\"elementor-container elementor-column-gap-default\">\n\t\t\t\t\t<div class=\"elementor-column elementor-col-100 elementor-top-column elementor-element elementor-element-a093476\" data-id=\"a093476\" data-element_type=\"column\" data-e-type=\"column\">\n\t\t\t<div class=\"elementor-widget-wrap elementor-element-populated\">\n\t\t\t\t\t\t<div class=\"elementor-element elementor-element-988ef2e elementor-widget elementor-widget-heading\" data-id=\"988ef2e\" data-element_type=\"widget\" data-e-type=\"widget\" data-widget_type=\"heading.default\">\n\t\t\t\t\t<h2 class=\"elementor-heading-title elementor-size-default\">Model wdro\u017cenia: \"On-premise\", \"Cloud\" lub \"Hybrid\"<\/h2>\t\t\t\t<\/div>\n\t\t\t\t<div class=\"elementor-element elementor-element-f6850d9 elementor-widget elementor-widget-text-editor\" data-id=\"f6850d9\" data-element_type=\"widget\" data-e-type=\"widget\" data-widget_type=\"text-editor.default\">\n\t\t\t\t\t\t\t\t\t<p>Decyzja o wyborze odpowiedniego modelu us\u0142ug b\u0119dzie zale\u017ca\u0142a od Twoich potrzeb biznesowych. Je\u015bli Twoja firma poszukuje niedrogiego i \u0142atwego do wdro\u017cenia rozwi\u0105zania, model w chmurze \u201cCloud\u201d b\u0119dzie dla Ciebie interesuj\u0105c\u0105 opcj\u0105.\u00a0<\/p>\n\n\n<p>W modelu \u201cOn-premise\u201d Twoja firma jest w\u0142a\u015bcicielem oprogramowania, uruchamia aplikacje i us\u0142ugi we w\u0142asnej infrastrukturze IT. Ten model jest preferowany przez firmy szukaj\u0105ce personalizacji us\u0142ug i wysokiego poziomu bezpiecze\u0144stwa.<\/p>\t\t\t\t\t\t\t\t<\/div>\n\t\t\t\t<div class=\"elementor-element elementor-element-2a0a7c8 elementor-widget elementor-widget-image\" data-id=\"2a0a7c8\" data-element_type=\"widget\" data-e-type=\"widget\" data-widget_type=\"image.default\">\n\t\t\t\t\t\t\t\t\t\t\t\t\t\t\t<img decoding=\"async\" width=\"1\" height=\"1\" src=\"https:\/\/savigo.eu\/wp-content\/uploads\/2020\/07\/IMG_DeliveryModels_1.svg\" class=\"attachment-large size-large wp-image-210\" alt=\"\" \/>\t\t\t\t\t\t\t\t\t\t\t\t\t\t\t<\/div>\n\t\t\t\t<div class=\"elementor-element elementor-element-85cbe38 elementor-widget elementor-widget-heading\" data-id=\"85cbe38\" data-element_type=\"widget\" data-e-type=\"widget\" data-widget_type=\"heading.default\">\n\t\t\t\t\t<h2 class=\"elementor-heading-title elementor-size-default\">Model wdro\u017cenia<\/h2>\t\t\t\t<\/div>\n\t\t\t\t<div class=\"elementor-element elementor-element-aa23d68 elementor-widget elementor-widget-heading\" data-id=\"aa23d68\" data-element_type=\"widget\" data-e-type=\"widget\" data-widget_type=\"heading.default\">\n\t\t\t\t\t<h2 class=\"elementor-heading-title elementor-size-default\">On-premise<\/h2>\t\t\t\t<\/div>\n\t\t\t\t<div class=\"elementor-element elementor-element-0e7648c elementor-widget elementor-widget-text-editor\" data-id=\"0e7648c\" data-element_type=\"widget\" data-e-type=\"widget\" data-widget_type=\"text-editor.default\">\n\t\t\t\t\t\t\t\t\t<p>Oprogramowanie jest instalowane lokalnie, na komputerach i serwerach Twojej firmy. Ten model zapewnia organizacji pe\u0142n\u0105 kontrol\u0119 nad posiadan\u0105 technologi\u0105, jej monitorowaniem i bezpiecze\u0144stwem, ale wymaga przy tym du\u017cych nak\u0142ad\u00f3w pieni\u0119\u017cnych na pocz\u0105tku.<\/p>\t\t\t\t\t\t\t\t<\/div>\n\t\t\t\t<div class=\"elementor-element elementor-element-83a6090 elementor-widget elementor-widget-heading\" data-id=\"83a6090\" data-element_type=\"widget\" data-e-type=\"widget\" data-widget_type=\"heading.default\">\n\t\t\t\t\t<h2 class=\"elementor-heading-title elementor-size-default\">Cloud<\/h2>\t\t\t\t<\/div>\n\t\t\t\t<div class=\"elementor-element elementor-element-1648e83 elementor-widget elementor-widget-text-editor\" data-id=\"1648e83\" data-element_type=\"widget\" data-e-type=\"widget\" data-widget_type=\"text-editor.default\">\n\t\t\t\t\t\t\t\t\t<p>Model w chmurze \u201cCloud\u201d bazuje na oprogramowaniu, z kt\u00f3rego pracownicy firmy korzystaj\u0105 za pomoc\u0105 przegl\u0105darki internetowej.  Dzi\u0119ki rozwi\u0105zaniom chmurze mo\u017cesz wdra\u017ca\u0107 i wspiera\u0107 innowacyjne technologie, systemy rozproszone (np. Kubernetes, bazy noSQL, rozwi\u0105zania \u201cserverless\u201d). Model w chmurze oznacza, \u017ce us\u0142ugi mog\u0105 by\u0107 udost\u0119pniane szybciej  i z minimalnym kosztem pocz\u0105tkowym. <\/p>\t\t\t\t\t\t\t\t<\/div>\n\t\t\t\t<div class=\"elementor-element elementor-element-b057116 elementor-widget elementor-widget-heading\" data-id=\"b057116\" data-element_type=\"widget\" data-e-type=\"widget\" data-widget_type=\"heading.default\">\n\t\t\t\t\t<h2 class=\"elementor-heading-title elementor-size-default\">Hybrid<\/h2>\t\t\t\t<\/div>\n\t\t\t\t<div class=\"elementor-element elementor-element-2cc6e70 elementor-widget elementor-widget-text-editor\" data-id=\"2cc6e70\" data-element_type=\"widget\" data-e-type=\"widget\" data-widget_type=\"text-editor.default\">\n\t\t\t\t\t\t\t\t\t<p>Model hybrydowy to po\u0142\u0105czenie rozwi\u0105zania w chmurze \u201cCloud\u201d i \u201cOn-premise\u201d. Oznacza to przechowywanie niekt\u00f3rych zasob\u00f3w u siebie, ale tak\u017ce korzystanie z us\u0142ug w chmurze w celu uproszczenia zarz\u0105dzania. Jest to idealny model dla firm, kt\u00f3rym zale\u017cy na skalowalno\u015bci, kt\u00f3r\u0105 zapewnia chmura i pe\u0142n\u0105 kontrol\u0105, kt\u00f3r\u0105 gwarantuje model on-premise.<\/p>\t\t\t\t\t\t\t\t<\/div>\n\t\t\t\t<div class=\"elementor-element elementor-element-feddd73 elementor-widget-divider--view-line elementor-widget elementor-widget-divider\" data-id=\"feddd73\" data-element_type=\"widget\" data-e-type=\"widget\" data-widget_type=\"divider.default\">\n\t\t\t\t\t\t\t<div class=\"elementor-divider\">\n\t\t\t<span class=\"elementor-divider-separator\">\n\t\t\t\t\t\t<\/span>\n\t\t<\/div>\n\t\t\t\t\t\t<\/div>\n\t\t\t\t\t<\/div>\n\t\t<\/div>\n\t\t\t\t\t<\/div>\n\t\t<\/section>\n\t\t\t\t<section class=\"elementor-section elementor-top-section elementor-element elementor-element-5779035 elementor-section-boxed elementor-section-height-default elementor-section-height-default\" data-id=\"5779035\" data-element_type=\"section\" data-e-type=\"section\">\n\t\t\t\t\t\t<div class=\"elementor-container elementor-column-gap-default\">\n\t\t\t\t\t<div class=\"elementor-column elementor-col-100 elementor-top-column elementor-element elementor-element-bed32dd\" data-id=\"bed32dd\" data-element_type=\"column\" data-e-type=\"column\">\n\t\t\t<div class=\"elementor-widget-wrap elementor-element-populated\">\n\t\t\t\t\t\t<div class=\"elementor-element elementor-element-1dd6e57 elementor-widget elementor-widget-heading\" data-id=\"1dd6e57\" data-element_type=\"widget\" data-e-type=\"widget\" data-widget_type=\"heading.default\">\n\t\t\t\t\t<h2 class=\"elementor-heading-title elementor-size-default\">Instalacja<\/h2>\t\t\t\t<\/div>\n\t\t\t\t<div class=\"elementor-element elementor-element-254ae8b elementor-widget elementor-widget-heading\" data-id=\"254ae8b\" data-element_type=\"widget\" data-e-type=\"widget\" data-widget_type=\"heading.default\">\n\t\t\t\t\t<h2 class=\"elementor-heading-title elementor-size-default\">GREENFIELD<\/h2>\t\t\t\t<\/div>\n\t\t\t\t<div class=\"elementor-element elementor-element-ca81861 elementor-widget elementor-widget-text-editor\" data-id=\"ca81861\" data-element_type=\"widget\" data-e-type=\"widget\" data-widget_type=\"text-editor.default\">\n\t\t\t\t\t\t\t\t\tOdnosi si\u0119 do opracowania systemu dla zupe\u0142nie nowego \u015brodowiska, zbudowanego od podstaw.\t\t\t\t\t\t\t\t<\/div>\n\t\t\t\t<div class=\"elementor-element elementor-element-5e44f36 elementor-widget elementor-widget-heading\" data-id=\"5e44f36\" data-element_type=\"widget\" data-e-type=\"widget\" data-widget_type=\"heading.default\">\n\t\t\t\t\t<h2 class=\"elementor-heading-title elementor-size-default\">BROWNFIELD<\/h2>\t\t\t\t<\/div>\n\t\t\t\t<div class=\"elementor-element elementor-element-280b3b7 elementor-widget elementor-widget-text-editor\" data-id=\"280b3b7\" data-element_type=\"widget\" data-e-type=\"widget\" data-widget_type=\"text-editor.default\">\n\t\t\t\t\t\t\t\t\tOdnosi si\u0119 do budowania i wdra\u017cania nowego oprogramowania na bazie ju\u017c istniej\u0105cego \u015brodowiska.\t\t\t\t\t\t\t\t<\/div>\n\t\t\t\t<div class=\"elementor-element elementor-element-e609fe6 elementor-widget elementor-widget-image\" data-id=\"e609fe6\" data-element_type=\"widget\" data-e-type=\"widget\" data-widget_type=\"image.default\">\n\t\t\t\t\t\t\t\t\t\t\t\t\t\t\t<img decoding=\"async\" width=\"1\" height=\"1\" src=\"https:\/\/savigo.eu\/wp-content\/uploads\/2020\/07\/IMG_DeliveryModels_2.svg\" class=\"attachment-large size-large wp-image-211\" alt=\"\" \/>\t\t\t\t\t\t\t\t\t\t\t\t\t\t\t<\/div>\n\t\t\t\t<div class=\"elementor-element elementor-element-80be77e elementor-widget-divider--view-line elementor-widget elementor-widget-divider\" data-id=\"80be77e\" data-element_type=\"widget\" data-e-type=\"widget\" data-widget_type=\"divider.default\">\n\t\t\t\t\t\t\t<div class=\"elementor-divider\">\n\t\t\t<span class=\"elementor-divider-separator\">\n\t\t\t\t\t\t<\/span>\n\t\t<\/div>\n\t\t\t\t\t\t<\/div>\n\t\t\t\t\t<\/div>\n\t\t<\/div>\n\t\t\t\t\t<\/div>\n\t\t<\/section>\n\t\t\t\t<section class=\"elementor-section elementor-top-section elementor-element elementor-element-4de84f5 elementor-section-content-middle elementor-section-boxed elementor-section-height-default elementor-section-height-default\" data-id=\"4de84f5\" data-element_type=\"section\" data-e-type=\"section\">\n\t\t\t\t\t\t<div class=\"elementor-container elementor-column-gap-default\">\n\t\t\t\t\t<div class=\"elementor-column elementor-col-66 elementor-top-column elementor-element elementor-element-bc995d1\" data-id=\"bc995d1\" data-element_type=\"column\" data-e-type=\"column\">\n\t\t\t<div class=\"elementor-widget-wrap elementor-element-populated\">\n\t\t\t\t\t\t<div class=\"elementor-element elementor-element-f957ef5 elementor-widget elementor-widget-text-editor\" data-id=\"f957ef5\" data-element_type=\"widget\" data-e-type=\"widget\" data-widget_type=\"text-editor.default\">\n\t\t\t\t\t\t\t\t\t<p>Przysz\u0142o\u015b\u0107 jest w Twoich r\u0119kach. Pozw\u00f3l, \u017ce b\u0119dziemy Ci\u0119 wspiera\u0107 w d\u0105\u017ceniu do niej.<\/p>\t\t\t\t\t\t\t\t<\/div>\n\t\t\t\t\t<\/div>\n\t\t<\/div>\n\t\t\t\t<div class=\"elementor-column elementor-col-33 elementor-top-column elementor-element elementor-element-5e535f5\" data-id=\"5e535f5\" data-element_type=\"column\" data-e-type=\"column\">\n\t\t\t<div class=\"elementor-widget-wrap elementor-element-populated\">\n\t\t\t\t\t\t<div class=\"elementor-element elementor-element-cf0d378 elementor-align-center elementor-widget elementor-widget-button\" data-id=\"cf0d378\" data-element_type=\"widget\" data-e-type=\"widget\" data-widget_type=\"button.default\">\n\t\t\t\t\t\t\t\t\t\t<a class=\"elementor-button elementor-button-link elementor-size-sm\" href=\"https:\/\/savigo.eu\/pl\/contact\/\">\n\t\t\t\t\t\t<span class=\"elementor-button-content-wrapper\">\n\t\t\t\t\t\t\t\t\t<span class=\"elementor-button-text\">SKONTAKTUJ SI\u0118 Z NAMI<\/span>\n\t\t\t\t\t<\/span>\n\t\t\t\t\t<\/a>\n\t\t\t\t\t\t\t\t<\/div>\n\t\t\t\t\t<\/div>\n\t\t<\/div>\n\t\t\t\t\t<\/div>\n\t\t<\/section>\n\t\t\t\t<section class=\"elementor-section elementor-top-section elementor-element elementor-element-f5ad877 elementor-section-boxed elementor-section-height-default elementor-section-height-default\" data-id=\"f5ad877\" data-element_type=\"section\" data-e-type=\"section\">\n\t\t\t\t\t\t<div class=\"elementor-container elementor-column-gap-default\">\n\t\t\t\t\t<div class=\"elementor-column elementor-col-100 elementor-top-column elementor-element elementor-element-b8c070b\" data-id=\"b8c070b\" data-element_type=\"column\" data-e-type=\"column\">\n\t\t\t<div class=\"elementor-widget-wrap elementor-element-populated\">\n\t\t\t\t\t\t<div class=\"elementor-element elementor-element-79dcbb9 elementor-widget-divider--view-line elementor-widget elementor-widget-divider\" data-id=\"79dcbb9\" data-element_type=\"widget\" data-e-type=\"widget\" data-widget_type=\"divider.default\">\n\t\t\t\t\t\t\t<div class=\"elementor-divider\">\n\t\t\t<span class=\"elementor-divider-separator\">\n\t\t\t\t\t\t<\/span>\n\t\t<\/div>\n\t\t\t\t\t\t<\/div>\n\t\t\t\t\t<\/div>\n\t\t<\/div>\n\t\t\t\t\t<\/div>\n\t\t<\/section>\n\t\t\t\t<\/div>","protected":false},"excerpt":{"rendered":"<p>Delivery models: On-premise or the Cloud Ultimately, the decision to choose one model will depend on your business needs. If your company is looking for an affordable and easy to deploy a solution, the cloud would be an interesting option.\u00a0 With the on-premise model, you own the software, then run applications and services on your [&hellip;]<\/p>\n","protected":false},"author":1,"featured_media":0,"parent":0,"menu_order":0,"comment_status":"closed","ping_status":"closed","template":"","meta":{"footnotes":""},"class_list":["post-16","page","type-page","status-publish","hentry"],"yoast_head":"<!-- This site is optimized with the Yoast SEO plugin v27.3 - https:\/\/yoast.com\/product\/yoast-seo-wordpress\/ -->\n<title>Delivery models - Savigo<\/title>\n<meta name=\"robots\" content=\"index, follow, max-snippet:-1, max-image-preview:large, max-video-preview:-1\" \/>\n<link rel=\"canonical\" href=\"https:\/\/savigo.eu\/pl\/delivery-models\/\" \/>\n<meta property=\"og:locale\" content=\"pl_PL\" \/>\n<meta property=\"og:type\" content=\"article\" \/>\n<meta property=\"og:title\" content=\"Delivery models - Savigo\" \/>\n<meta property=\"og:description\" content=\"Delivery models: On-premise or the Cloud Ultimately, the decision to choose one model will depend on your business needs. If your company is looking for an affordable and easy to deploy a solution, the cloud would be an interesting option.\u00a0 With the on-premise model, you own the software, then run applications and services on your [&hellip;]\" \/>\n<meta property=\"og:url\" content=\"https:\/\/savigo.eu\/pl\/delivery-models\/\" \/>\n<meta property=\"og:site_name\" content=\"Savigo\" \/>\n<meta property=\"article:modified_time\" content=\"2020-07-31T16:42:35+00:00\" \/>\n<meta property=\"og:image\" content=\"https:\/\/savigo.eu\/wp-content\/uploads\/2020\/07\/IMG_DeliveryModels_1.svg\" \/>\n<meta name=\"twitter:card\" content=\"summary_large_image\" \/>\n<meta name=\"twitter:label1\" content=\"Szacowany czas czytania\" \/>\n\t<meta name=\"twitter:data1\" content=\"1 minuta\" \/>\n<script type=\"application\/ld+json\" class=\"yoast-schema-graph\">{\"@context\":\"https:\\\/\\\/schema.org\",\"@graph\":[{\"@type\":\"WebPage\",\"@id\":\"https:\\\/\\\/savigo.eu\\\/delivery-models\\\/\",\"url\":\"https:\\\/\\\/savigo.eu\\\/delivery-models\\\/\",\"name\":\"Delivery models - Savigo\",\"isPartOf\":{\"@id\":\"https:\\\/\\\/savigo.eu\\\/#website\"},\"primaryImageOfPage\":{\"@id\":\"https:\\\/\\\/savigo.eu\\\/delivery-models\\\/#primaryimage\"},\"image\":{\"@id\":\"https:\\\/\\\/savigo.eu\\\/delivery-models\\\/#primaryimage\"},\"thumbnailUrl\":\"https:\\\/\\\/savigo.eu\\\/wp-content\\\/uploads\\\/2020\\\/07\\\/IMG_DeliveryModels_1.svg\",\"datePublished\":\"2020-07-17T10:36:16+00:00\",\"dateModified\":\"2020-07-31T16:42:35+00:00\",\"breadcrumb\":{\"@id\":\"https:\\\/\\\/savigo.eu\\\/delivery-models\\\/#breadcrumb\"},\"inLanguage\":\"pl-PL\",\"potentialAction\":[{\"@type\":\"ReadAction\",\"target\":[\"https:\\\/\\\/savigo.eu\\\/delivery-models\\\/\"]}]},{\"@type\":\"ImageObject\",\"inLanguage\":\"pl-PL\",\"@id\":\"https:\\\/\\\/savigo.eu\\\/delivery-models\\\/#primaryimage\",\"url\":\"https:\\\/\\\/savigo.eu\\\/wp-content\\\/uploads\\\/2020\\\/07\\\/IMG_DeliveryModels_1.svg\",\"contentUrl\":\"https:\\\/\\\/savigo.eu\\\/wp-content\\\/uploads\\\/2020\\\/07\\\/IMG_DeliveryModels_1.svg\"},{\"@type\":\"BreadcrumbList\",\"@id\":\"https:\\\/\\\/savigo.eu\\\/delivery-models\\\/#breadcrumb\",\"itemListElement\":[{\"@type\":\"ListItem\",\"position\":1,\"name\":\"Home\",\"item\":\"https:\\\/\\\/savigo.eu\\\/\"},{\"@type\":\"ListItem\",\"position\":2,\"name\":\"Delivery models\"}]},{\"@type\":\"WebSite\",\"@id\":\"https:\\\/\\\/savigo.eu\\\/#website\",\"url\":\"https:\\\/\\\/savigo.eu\\\/\",\"name\":\"Savigo\",\"description\":\"\",\"publisher\":{\"@id\":\"https:\\\/\\\/savigo.eu\\\/#organization\"},\"potentialAction\":[{\"@type\":\"SearchAction\",\"target\":{\"@type\":\"EntryPoint\",\"urlTemplate\":\"https:\\\/\\\/savigo.eu\\\/?s={search_term_string}\"},\"query-input\":{\"@type\":\"PropertyValueSpecification\",\"valueRequired\":true,\"valueName\":\"search_term_string\"}}],\"inLanguage\":\"pl-PL\"},{\"@type\":\"Organization\",\"@id\":\"https:\\\/\\\/savigo.eu\\\/#organization\",\"name\":\"Savigo Sp. z o.o.\",\"url\":\"https:\\\/\\\/savigo.eu\\\/\",\"logo\":{\"@type\":\"ImageObject\",\"inLanguage\":\"pl-PL\",\"@id\":\"https:\\\/\\\/savigo.eu\\\/#\\\/schema\\\/logo\\\/image\\\/\",\"url\":\"https:\\\/\\\/savigo.eu\\\/wp-content\\\/uploads\\\/2020\\\/07\\\/IMG_AboutUs_Savigo_logo.svg\",\"contentUrl\":\"https:\\\/\\\/savigo.eu\\\/wp-content\\\/uploads\\\/2020\\\/07\\\/IMG_AboutUs_Savigo_logo.svg\",\"width\":1,\"height\":1,\"caption\":\"Savigo Sp. z o.o.\"},\"image\":{\"@id\":\"https:\\\/\\\/savigo.eu\\\/#\\\/schema\\\/logo\\\/image\\\/\"},\"sameAs\":[\"https:\\\/\\\/www.linkedin.com\\\/company\\\/savigo\"]}]}<\/script>\n<!-- \/ Yoast SEO plugin. -->","yoast_head_json":{"title":"Delivery models - Savigo","robots":{"index":"index","follow":"follow","max-snippet":"max-snippet:-1","max-image-preview":"max-image-preview:large","max-video-preview":"max-video-preview:-1"},"canonical":"https:\/\/savigo.eu\/pl\/delivery-models\/","og_locale":"pl_PL","og_type":"article","og_title":"Delivery models - Savigo","og_description":"Delivery models: On-premise or the Cloud Ultimately, the decision to choose one model will depend on your business needs. If your company is looking for an affordable and easy to deploy a solution, the cloud would be an interesting option.\u00a0 With the on-premise model, you own the software, then run applications and services on your [&hellip;]","og_url":"https:\/\/savigo.eu\/pl\/delivery-models\/","og_site_name":"Savigo","article_modified_time":"2020-07-31T16:42:35+00:00","og_image":[{"url":"https:\/\/savigo.eu\/wp-content\/uploads\/2020\/07\/IMG_DeliveryModels_1.svg","type":"","width":"","height":""}],"twitter_card":"summary_large_image","twitter_misc":{"Szacowany czas czytania":"1 minuta"},"schema":{"@context":"https:\/\/schema.org","@graph":[{"@type":"WebPage","@id":"https:\/\/savigo.eu\/delivery-models\/","url":"https:\/\/savigo.eu\/delivery-models\/","name":"Delivery models - Savigo","isPartOf":{"@id":"https:\/\/savigo.eu\/#website"},"primaryImageOfPage":{"@id":"https:\/\/savigo.eu\/delivery-models\/#primaryimage"},"image":{"@id":"https:\/\/savigo.eu\/delivery-models\/#primaryimage"},"thumbnailUrl":"https:\/\/savigo.eu\/wp-content\/uploads\/2020\/07\/IMG_DeliveryModels_1.svg","datePublished":"2020-07-17T10:36:16+00:00","dateModified":"2020-07-31T16:42:35+00:00","breadcrumb":{"@id":"https:\/\/savigo.eu\/delivery-models\/#breadcrumb"},"inLanguage":"pl-PL","potentialAction":[{"@type":"ReadAction","target":["https:\/\/savigo.eu\/delivery-models\/"]}]},{"@type":"ImageObject","inLanguage":"pl-PL","@id":"https:\/\/savigo.eu\/delivery-models\/#primaryimage","url":"https:\/\/savigo.eu\/wp-content\/uploads\/2020\/07\/IMG_DeliveryModels_1.svg","contentUrl":"https:\/\/savigo.eu\/wp-content\/uploads\/2020\/07\/IMG_DeliveryModels_1.svg"},{"@type":"BreadcrumbList","@id":"https:\/\/savigo.eu\/delivery-models\/#breadcrumb","itemListElement":[{"@type":"ListItem","position":1,"name":"Home","item":"https:\/\/savigo.eu\/"},{"@type":"ListItem","position":2,"name":"Delivery models"}]},{"@type":"WebSite","@id":"https:\/\/savigo.eu\/#website","url":"https:\/\/savigo.eu\/","name":"Savigo","description":"","publisher":{"@id":"https:\/\/savigo.eu\/#organization"},"potentialAction":[{"@type":"SearchAction","target":{"@type":"EntryPoint","urlTemplate":"https:\/\/savigo.eu\/?s={search_term_string}"},"query-input":{"@type":"PropertyValueSpecification","valueRequired":true,"valueName":"search_term_string"}}],"inLanguage":"pl-PL"},{"@type":"Organization","@id":"https:\/\/savigo.eu\/#organization","name":"Savigo Sp. z o.o.","url":"https:\/\/savigo.eu\/","logo":{"@type":"ImageObject","inLanguage":"pl-PL","@id":"https:\/\/savigo.eu\/#\/schema\/logo\/image\/","url":"https:\/\/savigo.eu\/wp-content\/uploads\/2020\/07\/IMG_AboutUs_Savigo_logo.svg","contentUrl":"https:\/\/savigo.eu\/wp-content\/uploads\/2020\/07\/IMG_AboutUs_Savigo_logo.svg","width":1,"height":1,"caption":"Savigo Sp. z o.o."},"image":{"@id":"https:\/\/savigo.eu\/#\/schema\/logo\/image\/"},"sameAs":["https:\/\/www.linkedin.com\/company\/savigo"]}]}},"_links":{"self":[{"href":"https:\/\/savigo.eu\/pl\/wp-json\/wp\/v2\/pages\/16","targetHints":{"allow":["GET"]}}],"collection":[{"href":"https:\/\/savigo.eu\/pl\/wp-json\/wp\/v2\/pages"}],"about":[{"href":"https:\/\/savigo.eu\/pl\/wp-json\/wp\/v2\/types\/page"}],"author":[{"embeddable":true,"href":"https:\/\/savigo.eu\/pl\/wp-json\/wp\/v2\/users\/1"}],"replies":[{"embeddable":true,"href":"https:\/\/savigo.eu\/pl\/wp-json\/wp\/v2\/comments?post=16"}],"version-history":[{"count":0,"href":"https:\/\/savigo.eu\/pl\/wp-json\/wp\/v2\/pages\/16\/revisions"}],"wp:attachment":[{"href":"https:\/\/savigo.eu\/pl\/wp-json\/wp\/v2\/media?parent=16"}],"curies":[{"name":"wp","href":"https:\/\/api.w.org\/{rel}","templated":true}]}}